{"id":8,"date":"2019-05-15T00:00:01","date_gmt":"2019-05-14T15:00:01","guid":{"rendered":"http:\/\/www.jacgg.com\/?page_id=8"},"modified":"2025-05-06T14:42:19","modified_gmt":"2025-05-06T05:42:19","slug":"about-us","status":"publish","type":"page","link":"https:\/\/www.jacgg.com\/fr\/about-us\/","title":{"rendered":"A propos"},"content":{"rendered":"<p><a href=\"http:\/\/www.jacgg.com\/wp-content\/uploads\/2023\/09\/7a74f68d5182e1e142156dac20614f2e.png\"><img loading=\"lazy\" decoding=\"async\" class=\"alignnone size-medium wp-image-85 aligncenter\" src=\"http:\/\/www.jacgg.com\/wp-content\/uploads\/2023\/09\/7a74f68d5182e1e142156dac20614f2e-640x427.png\" alt=\"\" width=\"640\" height=\"427\" srcset=\"https:\/\/www.jacgg.com\/wp-content\/uploads\/2023\/09\/7a74f68d5182e1e142156dac20614f2e-640x427.png 640w, https:\/\/www.jacgg.com\/wp-content\/uploads\/2023\/09\/7a74f68d5182e1e142156dac20614f2e-1024x683.png 1024w, https:\/\/www.jacgg.com\/wp-content\/uploads\/2023\/09\/7a74f68d5182e1e142156dac20614f2e-768x512.png 768w, https:\/\/www.jacgg.com\/wp-content\/uploads\/2023\/09\/7a74f68d5182e1e142156dac20614f2e-1536x1024.png 1536w, https:\/\/www.jacgg.com\/wp-content\/uploads\/2023\/09\/7a74f68d5182e1e142156dac20614f2e.png 1926w\" sizes=\"(max-width: 640px) 100vw, 640px\" \/><\/a><\/p>\n<p style=\"text-align: center;\">La Diete Nationale du Japon<\/p>\n<p style=\"text-align: center;\"><a href=\"http:\/\/www.jacgg.com\/wp-content\/uploads\/2023\/09\/99f9b5e60a1e9dc18ae60f0b3380afa1.png\"><img loading=\"lazy\" decoding=\"async\" class=\"alignnone size-medium wp-image-86\" src=\"http:\/\/www.jacgg.com\/wp-content\/uploads\/2023\/09\/99f9b5e60a1e9dc18ae60f0b3380afa1-640x389.png\" alt=\"\" width=\"640\" height=\"389\" srcset=\"https:\/\/www.jacgg.com\/wp-content\/uploads\/2023\/09\/99f9b5e60a1e9dc18ae60f0b3380afa1-640x389.png 640w, https:\/\/www.jacgg.com\/wp-content\/uploads\/2023\/09\/99f9b5e60a1e9dc18ae60f0b3380afa1-1024x623.png 1024w, https:\/\/www.jacgg.com\/wp-content\/uploads\/2023\/09\/99f9b5e60a1e9dc18ae60f0b3380afa1-768x467.png 768w, https:\/\/www.jacgg.com\/wp-content\/uploads\/2023\/09\/99f9b5e60a1e9dc18ae60f0b3380afa1-1536x934.png 1536w, https:\/\/www.jacgg.com\/wp-content\/uploads\/2023\/09\/99f9b5e60a1e9dc18ae60f0b3380afa1.png 1944w\" sizes=\"(max-width: 640px) 100vw, 640px\" \/><\/a><\/p>\n<p style=\"text-align: center;\">La Chambre des representants de la Diete du Japon<\/p>\n<p style=\"text-align: center;\"><a href=\"http:\/\/www.jacgg.com\/wp-content\/uploads\/2023\/09\/d291119382855cb719f220aae65eda6c.png\"><img loading=\"lazy\" decoding=\"async\" class=\"alignnone size-medium wp-image-87\" src=\"http:\/\/www.jacgg.com\/wp-content\/uploads\/2023\/09\/d291119382855cb719f220aae65eda6c-640x480.png\" alt=\"\" width=\"640\" height=\"480\" srcset=\"https:\/\/www.jacgg.com\/wp-content\/uploads\/2023\/09\/d291119382855cb719f220aae65eda6c-640x480.png 640w, https:\/\/www.jacgg.com\/wp-content\/uploads\/2023\/09\/d291119382855cb719f220aae65eda6c-1024x768.png 1024w, https:\/\/www.jacgg.com\/wp-content\/uploads\/2023\/09\/d291119382855cb719f220aae65eda6c-768x576.png 768w, https:\/\/www.jacgg.com\/wp-content\/uploads\/2023\/09\/d291119382855cb719f220aae65eda6c-1536x1153.png 1536w, https:\/\/www.jacgg.com\/wp-content\/uploads\/2023\/09\/d291119382855cb719f220aae65eda6c.png 2004w\" sizes=\"(max-width: 640px) 100vw, 640px\" \/><\/a><\/p>\n<p><a href=\"http:\/\/www.jacgg.com\/wp-content\/uploads\/2023\/09\/93df366fadfe7a02f11aaad9081db0db.png\"><img loading=\"lazy\" decoding=\"async\" class=\"alignnone wp-image-76 aligncenter\" src=\"http:\/\/www.jacgg.com\/wp-content\/uploads\/2023\/09\/93df366fadfe7a02f11aaad9081db0db-482x480.png\" alt=\"\" width=\"244\" height=\"243\" srcset=\"https:\/\/www.jacgg.com\/wp-content\/uploads\/2023\/09\/93df366fadfe7a02f11aaad9081db0db-482x480.png 482w, https:\/\/www.jacgg.com\/wp-content\/uploads\/2023\/09\/93df366fadfe7a02f11aaad9081db0db-772x768.png 772w, https:\/\/www.jacgg.com\/wp-content\/uploads\/2023\/09\/93df366fadfe7a02f11aaad9081db0db-150x150.png 150w, https:\/\/www.jacgg.com\/wp-content\/uploads\/2023\/09\/93df366fadfe7a02f11aaad9081db0db-768x764.png 768w, https:\/\/www.jacgg.com\/wp-content\/uploads\/2023\/09\/93df366fadfe7a02f11aaad9081db0db-70x70.png 70w, https:\/\/www.jacgg.com\/wp-content\/uploads\/2023\/09\/93df366fadfe7a02f11aaad9081db0db.png 862w\" sizes=\"(max-width: 244px) 100vw, 244px\" \/><\/a><\/p>\n<p style=\"text-align: center;\">Parliamentary Committee of the Diet for World Federation<\/p>\n<p style=\"text-align: center;\">Chairperson<br \/>\nETO Seishiro<\/p>\n<p>&nbsp;<\/p>\n<p><a href=\"http:\/\/www.jacgg.com\/wp-content\/uploads\/2023\/09\/57969ba7820662f6057cf7c466e55b55.png\"><img loading=\"lazy\" decoding=\"async\" class=\"alignnone wp-image-77 aligncenter\" src=\"http:\/\/www.jacgg.com\/wp-content\/uploads\/2023\/09\/57969ba7820662f6057cf7c466e55b55-437x480.png\" alt=\"\" width=\"244\" height=\"268\" srcset=\"https:\/\/www.jacgg.com\/wp-content\/uploads\/2023\/09\/57969ba7820662f6057cf7c466e55b55-437x480.png 437w, https:\/\/www.jacgg.com\/wp-content\/uploads\/2023\/09\/57969ba7820662f6057cf7c466e55b55-699x768.png 699w, https:\/\/www.jacgg.com\/wp-content\/uploads\/2023\/09\/57969ba7820662f6057cf7c466e55b55-768x844.png 768w, https:\/\/www.jacgg.com\/wp-content\/uploads\/2023\/09\/57969ba7820662f6057cf7c466e55b55.png 852w\" sizes=\"(max-width: 244px) 100vw, 244px\" \/><\/a><\/p>\n<p style=\"text-align: center;\">Parliamentary Committee of the Diet for World Federation<\/p>\n<p style=\"text-align: center;\">Secretary-General<br \/>\nNAKAGAWA Masaharu<\/p>\n<p><a href=\"http:\/\/www.jacgg.com\/wp-content\/uploads\/2023\/09\/34b3cd24eb6eedc2a5f78c8a8c098ec8.png\"><img loading=\"lazy\" decoding=\"async\" class=\"alignnone wp-image-78 aligncenter\" src=\"http:\/\/www.jacgg.com\/wp-content\/uploads\/2023\/09\/34b3cd24eb6eedc2a5f78c8a8c098ec8-372x480.png\" alt=\"\" width=\"229\" height=\"295\" srcset=\"https:\/\/www.jacgg.com\/wp-content\/uploads\/2023\/09\/34b3cd24eb6eedc2a5f78c8a8c098ec8-372x480.png 372w, https:\/\/www.jacgg.com\/wp-content\/uploads\/2023\/09\/34b3cd24eb6eedc2a5f78c8a8c098ec8-595x768.png 595w, https:\/\/www.jacgg.com\/wp-content\/uploads\/2023\/09\/34b3cd24eb6eedc2a5f78c8a8c098ec8.png 720w\" sizes=\"(max-width: 229px) 100vw, 229px\" \/><\/a><\/p>\n<p style=\"text-align: center;\">Japan Advisory Commission on Global Governance<\/p>\n<p style=\"text-align: center;\">Chair<br \/>\nHASEGAWA Sukehiro<\/p>\n<p>&nbsp;<\/p>\n<p style=\"text-align: center;\"><span style=\"text-decoration: underline;\"><strong>Parliamentary Committee of the Diet of Japan for World Federation<\/strong><\/span><\/p>\n<p style=\"text-align: center;\">La commission parlementaire de la Di\u00e8te nationale du Japon pour le f\u00e9d\u00e9ralisme<br \/>\nmondial, compos\u00e9e de membres bipartites de la Di\u00e8te, s&amp;#39;est tenue le 15 mai 2019.<br \/>\nM. ETO Seishiro, pr\u00e9sident des commissions parlementaires, a prononc\u00e9 le<br \/>\ndiscours d&amp;#39;ouverture et expliqu\u00e9 les travaux de l&amp;#39;assembl\u00e9e g\u00e9n\u00e9rale, et Mme<br \/>\nINOGUCHI Kuniko, directrice ex\u00e9cutive, en a \u00e9t\u00e9 la mod\u00e9ratrice. Les<br \/>\nrepr\u00e9sentants de chaque parti comprenaient M. IBUKi Fumiaki, ancien pr\u00e9sident<br \/>\nde la Chambre des repr\u00e9sentants, M. FUKUYAMA Tetsuro, secr\u00e9taire g\u00e9n\u00e9ral du<br \/>\nParti d\u00e9mocratique constitutionnel, M. TAMAKI Yuichiro, pr\u00e9sident du Kokuminto<br \/>\n(le Parti d\u00e9mocratique du peuple), M. INOUE Yoshihisa, vice-pr\u00e9sident du<br \/>\nKomeito, M. KASAI Ryo, pr\u00e9sident politique du Parti communiste japonais, et<br \/>\nMme FUKUSHIMA Mizuho du Parti social-d\u00e9mocrate ont exprim\u00e9 leurs points de<br \/>\nvue. M. SHIBAYAMA Masahiko, ministre de l&amp;#39;\u00c9ducation, de la Culture, des Sports,<br \/>\nde la Science et de la Technologie, a comment\u00e9. Ils ont ensuite cr\u00e9\u00e9 \u00e0 l&amp;#39;unanimit\u00e9<br \/>\nla Commission consultative japonaise sur la gouvernance mondiale et ont<br \/>\nnomm\u00e9 M. HASEGAWA Sukehiro, ancien Repr\u00e9sentant sp\u00e9cial du Secr\u00e9taire<br \/>\ng\u00e9n\u00e9ral des Nations Unies, comme pr\u00e9sident. (15\/05\/2019)<\/p>\n<p style=\"text-align: center;\">\n","protected":false},"excerpt":{"rendered":"<p>La Diete Nationale du Japon La Chambre des representants de la Diete d&#8230;<\/p>\n","protected":false},"author":1,"featured_media":0,"parent":0,"menu_order":0,"comment_status":"closed","ping_status":"closed","template":"","meta":{"footnotes":""},"class_list":["post-8","page","type-page","status-publish","hentry"],"translation":{"provider":"WPGlobus","version":"3.0.2","language":"fr","enabled_languages":["ja","en","fr"],"languages":{"ja":{"title":true,"content":true,"excerpt":false},"en":{"title":true,"content":true,"excerpt":false},"fr":{"title":true,"content":true,"excerpt":false}}},"_links":{"self":[{"href":"https:\/\/www.jacgg.com\/fr\/wp-json\/wp\/v2\/pages\/8"}],"collection":[{"href":"https:\/\/www.jacgg.com\/fr\/wp-json\/wp\/v2\/pages"}],"about":[{"href":"https:\/\/www.jacgg.com\/fr\/wp-json\/wp\/v2\/types\/page"}],"author":[{"embeddable":true,"href":"https:\/\/www.jacgg.com\/fr\/wp-json\/wp\/v2\/users\/1"}],"replies":[{"embeddable":true,"href":"https:\/\/www.jacgg.com\/fr\/wp-json\/wp\/v2\/comments?post=8"}],"version-history":[{"count":18,"href":"https:\/\/www.jacgg.com\/fr\/wp-json\/wp\/v2\/pages\/8\/revisions"}],"predecessor-version":[{"id":20768,"href":"https:\/\/www.jacgg.com\/fr\/wp-json\/wp\/v2\/pages\/8\/revisions\/20768"}],"wp:attachment":[{"href":"https:\/\/www.jacgg.com\/fr\/wp-json\/wp\/v2\/media?parent=8"}],"curies":[{"name":"wp","href":"https:\/\/api.w.org\/{rel}","templated":true}]}}